{"id":8007,"date":"2026-03-16T10:20:24","date_gmt":"2026-03-16T10:20:24","guid":{"rendered":"https:\/\/www.sandbreese.com\/?page_id=8007"},"modified":"2026-03-19T18:29:26","modified_gmt":"2026-03-19T18:29:26","slug":"the-sandbreese-way","status":"publish","type":"page","link":"https:\/\/www.sandbreese.com\/pt\/the-sandbreese-way\/","title":{"rendered":"The Sandbreese Way"},"content":{"rendered":"<div data-elementor-type=\"wp-page\" data-elementor-id=\"8007\" class=\"elementor elementor-8007\">\n\t\t\t\t<div class=\"elementor-element elementor-element-5503827 e-con-full e-flex e-con e-parent\" data-id=\"5503827\" data-element_type=\"container\" data-e-type=\"container\" data-settings=\"{&quot;background_background&quot;:&quot;classic&quot;}\">\n\t\t\t\t<div class=\"elementor-element elementor-element-33caf9d elementor-widget elementor-widget-heading\" data-id=\"33caf9d\" data-element_type=\"widget\" data-e-type=\"widget\" data-widget_type=\"heading.default\">\n\t\t\t\t<div class=\"elementor-widget-container\">\n\t\t\t\t\t<h2 class=\"elementor-heading-title elementor-size-default\">SANDBREESE<\/h2>\t\t\t\t<\/div>\n\t\t\t\t<\/div>\n\t\t\t\t<\/div>\n\t\t<div class=\"elementor-element elementor-element-9162e67 e-flex e-con-boxed e-con e-parent\" data-id=\"9162e67\" data-element_type=\"container\" data-e-type=\"container\">\n\t\t\t\t\t<div class=\"e-con-inner\">\n\t\t\t\t<div class=\"elementor-element elementor-element-7a19f4b elementor-widget elementor-widget-text-editor\" data-id=\"7a19f4b\" data-element_type=\"widget\" data-e-type=\"widget\" data-widget_type=\"text-editor.default\">\n\t\t\t\t<div class=\"elementor-widget-container\">\n\t\t\t\t\t\t\t\t\t<p data-start=\"318\" data-end=\"365\"><strong>Vida Costeira, Designs Originais<\/strong><\/p><p data-pm-slice=\"1 1 []\">Na Sandbreese, acreditamos que o vestu\u00e1rio \u00e9 muito mais do que aquilo que veste - \u00e9 uma express\u00e3o da forma como vive. Influenciadas pela costa e moldadas pelo ritmo do oceano, as nossas cole\u00e7\u00f5es baseiam-se em tr\u00eas conceitos simples: conforto, durabilidade e autenticidade de estilo.<\/p><p class=\"translation-block\">Feito com Prop\u00f3sito - Desenhamos com cuidado, selecionando tecidos e materiais que o fazem sentir-se t\u00e3o bem por dentro como o nosso desejo de reduzir o impacto no mundo. Cada artigo \u00e9 desenhado para ser dur\u00e1vel, ajudando a evitar o desperd\u00edcio esta\u00e7\u00e3o ap\u00f3s esta\u00e7\u00e3o.<\/p>\t\t\t\t\t\t\t\t<\/div>\n\t\t\t\t<\/div>\n\t\t\t\t\t<\/div>\n\t\t\t\t<\/div>\n\t\t\t\t<\/div>","protected":false},"excerpt":{"rendered":"<p>THE SANDBREESE WAY Coastal Life, Original Designs At\u2002Sandbreese, we believe clothing is about more than just what you wear as it\u2019s an expression of how you live. Influenced by the coast and shaped by the rhythm of the ocean, our collections are built on 3 simple concepts: comfort, durability, style authenticity. Made with Purpose &#8211;\u00a0We [&hellip;]<\/p>\n","protected":false},"author":1,"featured_media":0,"parent":0,"menu_order":0,"comment_status":"closed","ping_status":"closed","template":"","meta":{"site-sidebar-layout":"no-sidebar","site-content-layout":"page-builder","ast-site-content-layout":"full-width-container","site-content-style":"default","site-sidebar-style":"default","ast-global-header-display":"","ast-banner-title-visibility":"","ast-main-header-display":"","ast-hfb-above-header-display":"","ast-hfb-below-header-display":"","ast-hfb-mobile-header-display":"","site-post-title":"","ast-breadcrumbs-content":"","ast-featured-img":"disabled","footer-sml-layout":"","ast-disable-related-posts":"","theme-transparent-header-meta":"","adv-header-id-meta":"","stick-header-meta":"","header-above-stick-meta":"","header-main-stick-meta":"","header-below-stick-meta":"","astra-migrate-meta-layouts":"set","ast-page-background-enabled":"default","ast-page-background-meta":{"desktop":{"background-color":"","background-image":"","background-repeat":"repeat","background-position":"center center","background-size":"auto","background-attachment":"scroll","background-type":"","background-media":"","overlay-type":"","overlay-color":"","overlay-opacity":"","overlay-gradient":""},"tablet":{"background-color":"","background-image":"","background-repeat":"repeat","background-position":"center center","background-size":"auto","background-attachment":"scroll","background-type":"","background-media":"","overlay-type":"","overlay-color":"","overlay-opacity":"","overlay-gradient":""},"mobile":{"background-color":"","background-image":"","background-repeat":"repeat","background-position":"center center","background-size":"auto","background-attachment":"scroll","background-type":"","background-media":"","overlay-type":"","overlay-color":"","overlay-opacity":"","overlay-gradient":""}},"ast-content-background-meta":{"desktop":{"background-color":"var(--ast-global-color-5)","background-image":"","background-repeat":"repeat","background-position":"center center","background-size":"auto","background-attachment":"scroll","background-type":"","background-media":"","overlay-type":"","overlay-color":"","overlay-opacity":"","overlay-gradient":""},"tablet":{"background-color":"var(--ast-global-color-5)","background-image":"","background-repeat":"repeat","background-position":"center center","background-size":"auto","background-attachment":"scroll","background-type":"","background-media":"","overlay-type":"","overlay-color":"","overlay-opacity":"","overlay-gradient":""},"mobile":{"background-color":"var(--ast-global-color-5)","background-image":"","background-repeat":"repeat","background-position":"center center","background-size":"auto","background-attachment":"scroll","background-type":"","background-media":"","overlay-type":"","overlay-color":"","overlay-opacity":"","overlay-gradient":""}},"footnotes":""},"class_list":["post-8007","page","type-page","status-publish","hentry"],"yoast_head":"<!-- This site is optimized with the Yoast SEO plugin v27.3 - https:\/\/yoast.com\/product\/yoast-seo-wordpress\/ -->\n<title>The Sandbreese Way | Coastal Lifestyle Clothing<\/title>\n<meta name=\"description\" content=\"Sandbreese is an authentic streetwear and beach lifestyle brand. Clean design, comfort, and durability for everyday wear.\" \/>\n<meta name=\"robots\" content=\"index, follow, max-snippet:-1, max-image-preview:large, max-video-preview:-1\" \/>\n<link rel=\"canonical\" href=\"https:\/\/www.sandbreese.com\/pt\/the-sandbreese-way\/\" \/>\n<meta property=\"og:locale\" content=\"pt_PT\" \/>\n<meta property=\"og:type\" content=\"article\" \/>\n<meta property=\"og:title\" content=\"The Sandbreese Way | Coastal Lifestyle Clothing\" \/>\n<meta property=\"og:description\" content=\"Sandbreese is an authentic streetwear and beach lifestyle brand. Clean design, comfort, and durability for everyday wear.\" \/>\n<meta property=\"og:url\" content=\"https:\/\/www.sandbreese.com\/pt\/the-sandbreese-way\/\" \/>\n<meta property=\"og:site_name\" content=\"Sandbreese\" \/>\n<meta property=\"article:publisher\" content=\"https:\/\/www.facebook.com\/sandbreese\/\" \/>\n<meta property=\"article:modified_time\" content=\"2026-03-19T18:29:26+00:00\" \/>\n<meta property=\"og:image\" content=\"https:\/\/www.sandbreese.com\/wp-content\/uploads\/2026\/02\/ponta_ruiva_woman_mockup-e1770493068119.jpg\" \/>\n\t<meta property=\"og:image:width\" content=\"2560\" \/>\n\t<meta property=\"og:image:height\" content=\"1685\" \/>\n\t<meta property=\"og:image:type\" content=\"image\/jpeg\" \/>\n<meta name=\"twitter:card\" content=\"summary_large_image\" \/>\n<meta name=\"twitter:label1\" content=\"Tempo estimado de leitura\" \/>\n\t<meta name=\"twitter:data1\" content=\"1 minuto\" \/>\n<script type=\"application\/ld+json\" class=\"yoast-schema-graph\">{\"@context\":\"https:\\\/\\\/schema.org\",\"@graph\":[{\"@type\":\"WebPage\",\"@id\":\"https:\\\/\\\/www.sandbreese.com\\\/the-sandbreese-way\\\/\",\"url\":\"https:\\\/\\\/www.sandbreese.com\\\/the-sandbreese-way\\\/\",\"name\":\"The Sandbreese Way | Coastal Lifestyle Clothing\",\"isPartOf\":{\"@id\":\"https:\\\/\\\/www.sandbreese.com\\\/#website\"},\"datePublished\":\"2026-03-16T10:20:24+00:00\",\"dateModified\":\"2026-03-19T18:29:26+00:00\",\"description\":\"Sandbreese is an authentic streetwear and beach lifestyle brand. Clean design, comfort, and durability for everyday wear.\",\"breadcrumb\":{\"@id\":\"https:\\\/\\\/www.sandbreese.com\\\/the-sandbreese-way\\\/#breadcrumb\"},\"inLanguage\":\"pt-PT\",\"potentialAction\":[{\"@type\":\"ReadAction\",\"target\":[\"https:\\\/\\\/www.sandbreese.com\\\/the-sandbreese-way\\\/\"]}]},{\"@type\":\"BreadcrumbList\",\"@id\":\"https:\\\/\\\/www.sandbreese.com\\\/the-sandbreese-way\\\/#breadcrumb\",\"itemListElement\":[{\"@type\":\"ListItem\",\"position\":1,\"name\":\"In\u00edcio\",\"item\":\"https:\\\/\\\/www.sandbreese.com\\\/\"},{\"@type\":\"ListItem\",\"position\":2,\"name\":\"The Sandbreese Way\"}]},{\"@type\":\"WebSite\",\"@id\":\"https:\\\/\\\/www.sandbreese.com\\\/#website\",\"url\":\"https:\\\/\\\/www.sandbreese.com\\\/\",\"name\":\"Sandbreese\",\"description\":\"\",\"publisher\":{\"@id\":\"https:\\\/\\\/www.sandbreese.com\\\/#organization\"},\"alternateName\":\"Sandbreese\u00ae\",\"potentialAction\":[{\"@type\":\"SearchAction\",\"target\":{\"@type\":\"EntryPoint\",\"urlTemplate\":\"https:\\\/\\\/www.sandbreese.com\\\/?s={search_term_string}\"},\"query-input\":{\"@type\":\"PropertyValueSpecification\",\"valueRequired\":true,\"valueName\":\"search_term_string\"}}],\"inLanguage\":\"pt-PT\"},{\"@type\":\"Organization\",\"@id\":\"https:\\\/\\\/www.sandbreese.com\\\/#organization\",\"name\":\"Sandbreese\",\"alternateName\":\"Sandbreese\u00ae\",\"url\":\"https:\\\/\\\/www.sandbreese.com\\\/\",\"logo\":{\"@type\":\"ImageObject\",\"inLanguage\":\"pt-PT\",\"@id\":\"https:\\\/\\\/www.sandbreese.com\\\/#\\\/schema\\\/logo\\\/image\\\/\",\"url\":\"https:\\\/\\\/www.sandbreese.com\\\/wp-content\\\/uploads\\\/2025\\\/11\\\/cropped-Sandbreese_Logo_FINAL-21-scaled-e1765624962335.webp\",\"contentUrl\":\"https:\\\/\\\/www.sandbreese.com\\\/wp-content\\\/uploads\\\/2025\\\/11\\\/cropped-Sandbreese_Logo_FINAL-21-scaled-e1765624962335.webp\",\"width\":539,\"height\":212,\"caption\":\"Sandbreese\"},\"image\":{\"@id\":\"https:\\\/\\\/www.sandbreese.com\\\/#\\\/schema\\\/logo\\\/image\\\/\"},\"sameAs\":[\"https:\\\/\\\/www.facebook.com\\\/sandbreese\\\/\",\"https:\\\/\\\/www.instagram.com\\\/sandbreese.shop\\\/\"]}]}<\/script>\n<!-- \/ Yoast SEO plugin. -->","yoast_head_json":{"title":"The Sandbreese Way | Coastal Lifestyle Clothing","description":"Sandbreese is an authentic streetwear and beach lifestyle brand. Clean design, comfort, and durability for everyday wear.","robots":{"index":"index","follow":"follow","max-snippet":"max-snippet:-1","max-image-preview":"max-image-preview:large","max-video-preview":"max-video-preview:-1"},"canonical":"https:\/\/www.sandbreese.com\/pt\/the-sandbreese-way\/","og_locale":"pt_PT","og_type":"article","og_title":"The Sandbreese Way | Coastal Lifestyle Clothing","og_description":"Sandbreese is an authentic streetwear and beach lifestyle brand. Clean design, comfort, and durability for everyday wear.","og_url":"https:\/\/www.sandbreese.com\/pt\/the-sandbreese-way\/","og_site_name":"Sandbreese","article_publisher":"https:\/\/www.facebook.com\/sandbreese\/","article_modified_time":"2026-03-19T18:29:26+00:00","og_image":[{"width":2560,"height":1685,"url":"https:\/\/www.sandbreese.com\/wp-content\/uploads\/2026\/02\/ponta_ruiva_woman_mockup-e1770493068119.jpg","type":"image\/jpeg"}],"twitter_card":"summary_large_image","twitter_misc":{"Tempo estimado de leitura":"1 minuto"},"schema":{"@context":"https:\/\/schema.org","@graph":[{"@type":"WebPage","@id":"https:\/\/www.sandbreese.com\/the-sandbreese-way\/","url":"https:\/\/www.sandbreese.com\/the-sandbreese-way\/","name":"The Sandbreese Way | Coastal Lifestyle Clothing","isPartOf":{"@id":"https:\/\/www.sandbreese.com\/#website"},"datePublished":"2026-03-16T10:20:24+00:00","dateModified":"2026-03-19T18:29:26+00:00","description":"Sandbreese is an authentic streetwear and beach lifestyle brand. Clean design, comfort, and durability for everyday wear.","breadcrumb":{"@id":"https:\/\/www.sandbreese.com\/the-sandbreese-way\/#breadcrumb"},"inLanguage":"pt-PT","potentialAction":[{"@type":"ReadAction","target":["https:\/\/www.sandbreese.com\/the-sandbreese-way\/"]}]},{"@type":"BreadcrumbList","@id":"https:\/\/www.sandbreese.com\/the-sandbreese-way\/#breadcrumb","itemListElement":[{"@type":"ListItem","position":1,"name":"In\u00edcio","item":"https:\/\/www.sandbreese.com\/"},{"@type":"ListItem","position":2,"name":"The Sandbreese Way"}]},{"@type":"WebSite","@id":"https:\/\/www.sandbreese.com\/#website","url":"https:\/\/www.sandbreese.com\/","name":"Sandbreese","description":"","publisher":{"@id":"https:\/\/www.sandbreese.com\/#organization"},"alternateName":"Sandbreese\u00ae","potentialAction":[{"@type":"SearchAction","target":{"@type":"EntryPoint","urlTemplate":"https:\/\/www.sandbreese.com\/?s={search_term_string}"},"query-input":{"@type":"PropertyValueSpecification","valueRequired":true,"valueName":"search_term_string"}}],"inLanguage":"pt-PT"},{"@type":"Organization","@id":"https:\/\/www.sandbreese.com\/#organization","name":"Sandbreese","alternateName":"Sandbreese\u00ae","url":"https:\/\/www.sandbreese.com\/","logo":{"@type":"ImageObject","inLanguage":"pt-PT","@id":"https:\/\/www.sandbreese.com\/#\/schema\/logo\/image\/","url":"https:\/\/www.sandbreese.com\/wp-content\/uploads\/2025\/11\/cropped-Sandbreese_Logo_FINAL-21-scaled-e1765624962335.webp","contentUrl":"https:\/\/www.sandbreese.com\/wp-content\/uploads\/2025\/11\/cropped-Sandbreese_Logo_FINAL-21-scaled-e1765624962335.webp","width":539,"height":212,"caption":"Sandbreese"},"image":{"@id":"https:\/\/www.sandbreese.com\/#\/schema\/logo\/image\/"},"sameAs":["https:\/\/www.facebook.com\/sandbreese\/","https:\/\/www.instagram.com\/sandbreese.shop\/"]}]}},"_links":{"self":[{"href":"https:\/\/www.sandbreese.com\/pt\/wp-json\/wp\/v2\/pages\/8007","targetHints":{"allow":["GET"]}}],"collection":[{"href":"https:\/\/www.sandbreese.com\/pt\/wp-json\/wp\/v2\/pages"}],"about":[{"href":"https:\/\/www.sandbreese.com\/pt\/wp-json\/wp\/v2\/types\/page"}],"author":[{"embeddable":true,"href":"https:\/\/www.sandbreese.com\/pt\/wp-json\/wp\/v2\/users\/1"}],"replies":[{"embeddable":true,"href":"https:\/\/www.sandbreese.com\/pt\/wp-json\/wp\/v2\/comments?post=8007"}],"version-history":[{"count":25,"href":"https:\/\/www.sandbreese.com\/pt\/wp-json\/wp\/v2\/pages\/8007\/revisions"}],"predecessor-version":[{"id":8344,"href":"https:\/\/www.sandbreese.com\/pt\/wp-json\/wp\/v2\/pages\/8007\/revisions\/8344"}],"wp:attachment":[{"href":"https:\/\/www.sandbreese.com\/pt\/wp-json\/wp\/v2\/media?parent=8007"}],"curies":[{"name":"wp","href":"https:\/\/api.w.org\/{rel}","templated":true}]}}